{"id":4,"date":"2016-05-01T23:03:33","date_gmt":"2016-05-01T23:03:33","guid":{"rendered":"http:\/\/www.adsarcondicionado.com.br\/site\/listings\/"},"modified":"2017-07-20T15:25:53","modified_gmt":"2017-07-20T18:25:53","slug":"quem-somos","status":"publish","type":"page","link":"https:\/\/www.itapeimoveis.net\/site\/","title":{"rendered":"Bem-vindo ao site"},"content":{"rendered":"<p style=\"text-align: center;\"><img loading=\"lazy\" decoding=\"async\" class=\"alignnone wp-image-95 size-full\" src=\"http:\/\/www.itapeimoveis.net\/site\/wp-content\/uploads\/2016\/05\/itapeimoveis.jpg\" alt=\"itapeimoveis\" width=\"400\" height=\"300\" srcset=\"https:\/\/www.itapeimoveis.net\/site\/wp-content\/uploads\/2016\/05\/itapeimoveis.jpg 400w, https:\/\/www.itapeimoveis.net\/site\/wp-content\/uploads\/2016\/05\/itapeimoveis-300x225.jpg 300w\" sizes=\"auto, (max-width: 400px) 100vw, 400px\" \/><\/p>\n<p align=\"center\"><strong>Itap\u00ea Im\u00f3veis &#8211; Localiza\u00e7\u00e3o<\/strong><\/p>\n<p align=\"center\"><iframe loading=\"lazy\" style=\"border: 0;\" src=\"https:\/\/www.google.com\/maps\/embed?pb=!1m18!1m12!1m3!1d3656.3965989171484!2d-48.05146048502174!3d-23.590105384668593!2m3!1f0!2f0!3f0!3m2!1i1024!2i768!4f13.1!3m3!1m2!1s0x94c5cc8e4003de25%3A0x1348cf15ef345144!2sR.+Gen.+Glic%C3%A9rio%2C+433+-+Centro%2C+Itapetininga+-+SP%2C+18200-130!5e0!3m2!1spt-BR!2sbr!4v1474480578227\" width=\"400\" height=\"300\" frameborder=\"0\" allowfullscreen=\"allowfullscreen\"><\/iframe><\/p>\n","protected":false},"excerpt":{"rendered":"<p>Itap\u00ea Im\u00f3veis &#8211; Localiza\u00e7\u00e3o<\/p>\n","protected":false},"author":1,"featured_media":0,"parent":0,"menu_order":0,"comment_status":"closed","ping_status":"closed","template":"","meta":{"footnotes":""},"class_list":["post-4","page","type-page","status-publish","hentry"],"jetpack_sharing_enabled":true,"_links":{"self":[{"href":"https:\/\/www.itapeimoveis.net\/site\/wp-json\/wp\/v2\/pages\/4","targetHints":{"allow":["GET"]}}],"collection":[{"href":"https:\/\/www.itapeimoveis.net\/site\/wp-json\/wp\/v2\/pages"}],"about":[{"href":"https:\/\/www.itapeimoveis.net\/site\/wp-json\/wp\/v2\/types\/page"}],"author":[{"embeddable":true,"href":"https:\/\/www.itapeimoveis.net\/site\/wp-json\/wp\/v2\/users\/1"}],"replies":[{"embeddable":true,"href":"https:\/\/www.itapeimoveis.net\/site\/wp-json\/wp\/v2\/comments?post=4"}],"version-history":[{"count":12,"href":"https:\/\/www.itapeimoveis.net\/site\/wp-json\/wp\/v2\/pages\/4\/revisions"}],"predecessor-version":[{"id":1697,"href":"https:\/\/www.itapeimoveis.net\/site\/wp-json\/wp\/v2\/pages\/4\/revisions\/1697"}],"wp:attachment":[{"href":"https:\/\/www.itapeimoveis.net\/site\/wp-json\/wp\/v2\/media?parent=4"}],"curies":[{"name":"wp","href":"https:\/\/api.w.org\/{rel}","templated":true}]}}